{"id":2239,"date":"2025-05-11T13:47:45","date_gmt":"2025-05-11T05:47:45","guid":{"rendered":"https:\/\/www.ahjuxin.net\/?page_id=2239"},"modified":"2025-06-24T15:49:24","modified_gmt":"2025-06-24T07:49:24","slug":"company-profile","status":"publish","type":"page","link":"https:\/\/www.ahjuxin.net\/es\/company-profile\/","title":{"rendered":"Company Profile"},"content":{"rendered":"<div data-elementor-type=\"wp-page\" data-elementor-id=\"2239\" class=\"elementor elementor-2239\" data-elementor-post-type=\"page\">\n\t\t\t\t<div class=\"elementor-element elementor-element-98cc033 e-con-full e-flex e-con e-parent\" data-id=\"98cc033\" data-element_type=\"container\" data-settings=\"{&quot;background_background&quot;:&quot;classic&quot;}\">\n\t\t<div class=\"elementor-element elementor-element-6eb80a2 e-flex e-con-boxed e-con e-child\" data-id=\"6eb80a2\" data-element_type=\"container\">\n\t\t\t\t\t<div class=\"e-con-inner\">\n\t\t\t\t<div class=\"elementor-element elementor-element-3c97379 elementor-widget elementor-widget-heading\" data-id=\"3c97379\" data-element_type=\"widget\" data-widget_type=\"heading.default\">\n\t\t\t\t<div class=\"elementor-widget-container\">\n\t\t\t\t\t<p class=\"elementor-heading-title elementor-size-default\">30 a\u00f1os de experiencia<\/p>\t\t\t\t<\/div>\n\t\t\t\t<\/div>\n\t\t\t\t<div class=\"elementor-element elementor-element-ca5a533 elementor-widget elementor-widget-text-editor\" data-id=\"ca5a533\" data-element_type=\"widget\" data-widget_type=\"text-editor.default\">\n\t\t\t\t<div class=\"elementor-widget-container\">\n\t\t\t\t\t\t\t\t\t<p>Impulsando el crecimiento de la industria de alambres y cables<\/p>\t\t\t\t\t\t\t\t<\/div>\n\t\t\t\t<\/div>\n\t\t\t\t\t<\/div>\n\t\t\t\t<\/div>\n\t\t<div class=\"elementor-element elementor-element-07586be e-flex e-con-boxed e-con e-child\" data-id=\"07586be\" data-element_type=\"container\">\n\t\t\t\t\t<div class=\"e-con-inner\">\n\t\t\t\t\t<\/div>\n\t\t\t\t<\/div>\n\t\t\t\t<\/div>\n\t\t<div class=\"elementor-element elementor-element-59b1679 e-con-full e-flex e-con e-parent\" data-id=\"59b1679\" data-element_type=\"container\" data-settings=\"{&quot;background_background&quot;:&quot;classic&quot;}\">\n\t\t\t\t<div class=\"elementor-element elementor-element-2deace1 elementor-widget elementor-widget-heading\" data-id=\"2deace1\" data-element_type=\"widget\" data-widget_type=\"heading.default\">\n\t\t\t\t<div class=\"elementor-widget-container\">\n\t\t\t\t\t<h2 class=\"elementor-heading-title elementor-size-default\">Anhui Juxin Intelligent Manufacturing Technology Co., Ltd.<\/h2>\t\t\t\t<\/div>\n\t\t\t\t<\/div>\n\t\t\t\t<div class=\"elementor-element elementor-element-2c0ceb7 elementor-widget elementor-widget-text-editor\" data-id=\"2c0ceb7\" data-element_type=\"widget\" data-widget_type=\"text-editor.default\">\n\t\t\t\t<div class=\"elementor-widget-container\">\n\t\t\t\t\t\t\t\t\t<p>Es una empresa impulsada por la tecnolog\u00eda y especializada en la fabricaci\u00f3n de troqueles para el conformado de alambres y cables.<\/p>\t\t\t\t\t\t\t\t<\/div>\n\t\t\t\t<\/div>\n\t\t\t\t<\/div>\n\t\t<div class=\"elementor-element elementor-element-3f6402d e-flex e-con-boxed e-con e-parent\" data-id=\"3f6402d\" data-element_type=\"container\">\n\t\t\t\t\t<div class=\"e-con-inner\">\n\t\t\t\t<div class=\"elementor-element elementor-element-aeb3ae4 elementor-widget elementor-widget-image\" data-id=\"aeb3ae4\" data-element_type=\"widget\" data-widget_type=\"image.default\">\n\t\t\t\t<div class=\"elementor-widget-container\">\n\t\t\t\t\t\t\t\t\t\t\t\t\t\t\t<img fetchpriority=\"high\" decoding=\"async\" width=\"1024\" height=\"571\" src=\"https:\/\/www.ahjuxin.net\/wp-content\/uploads\/2025\/05\/about_juxin_timeline-1024x571.png\" class=\"attachment-large size-large wp-image-2273\" alt=\"\" srcset=\"https:\/\/www.ahjuxin.net\/wp-content\/uploads\/2025\/05\/about_juxin_timeline-1024x571.png 1024w, https:\/\/www.ahjuxin.net\/wp-content\/uploads\/2025\/05\/about_juxin_timeline-300x167.png 300w, https:\/\/www.ahjuxin.net\/wp-content\/uploads\/2025\/05\/about_juxin_timeline-768x428.png 768w, https:\/\/www.ahjuxin.net\/wp-content\/uploads\/2025\/05\/about_juxin_timeline-1536x856.png 1536w, https:\/\/www.ahjuxin.net\/wp-content\/uploads\/2025\/05\/about_juxin_timeline-2048x1141.png 2048w\" sizes=\"(max-width: 1024px) 100vw, 1024px\" \/>\t\t\t\t\t\t\t\t\t\t\t\t\t\t\t<\/div>\n\t\t\t\t<\/div>\n\t\t\t\t\t<\/div>\n\t\t\t\t<\/div>\n\t\t<div class=\"elementor-element elementor-element-c7facfb e-con-full e-flex e-con e-parent\" data-id=\"c7facfb\" data-element_type=\"container\" data-settings=\"{&quot;background_background&quot;:&quot;classic&quot;}\">\n\t\t<div class=\"elementor-element elementor-element-8c8b58a e-con-full e-flex e-con e-child\" data-id=\"8c8b58a\" data-element_type=\"container\">\n\t\t\t\t<div class=\"elementor-element elementor-element-ec147dd elementor-widget elementor-widget-image\" data-id=\"ec147dd\" data-element_type=\"widget\" data-widget_type=\"image.default\">\n\t\t\t\t<div class=\"elementor-widget-container\">\n\t\t\t\t\t\t\t\t\t\t\t\t\t\t\t<img decoding=\"async\" width=\"768\" height=\"512\" src=\"https:\/\/www.ahjuxin.net\/wp-content\/uploads\/2025\/05\/about_juxin_engineer-\u62f7\u8d1d-768x512.jpg\" class=\"attachment-medium_large size-medium_large wp-image-3017\" alt=\"\" srcset=\"https:\/\/www.ahjuxin.net\/wp-content\/uploads\/2025\/05\/about_juxin_engineer-\u62f7\u8d1d-768x512.jpg 768w, https:\/\/www.ahjuxin.net\/wp-content\/uploads\/2025\/05\/about_juxin_engineer-\u62f7\u8d1d-300x200.jpg 300w, https:\/\/www.ahjuxin.net\/wp-content\/uploads\/2025\/05\/about_juxin_engineer-\u62f7\u8d1d-1024x683.jpg 1024w, https:\/\/www.ahjuxin.net\/wp-content\/uploads\/2025\/05\/about_juxin_engineer-\u62f7\u8d1d-1536x1025.jpg 1536w, https:\/\/www.ahjuxin.net\/wp-content\/uploads\/2025\/05\/about_juxin_engineer-\u62f7\u8d1d-2048x1366.jpg 2048w, https:\/\/www.ahjuxin.net\/wp-content\/uploads\/2025\/05\/about_juxin_engineer-\u62f7\u8d1d-18x12.jpg 18w\" sizes=\"(max-width: 768px) 100vw, 768px\" \/>\t\t\t\t\t\t\t\t\t\t\t\t\t\t\t<\/div>\n\t\t\t\t<\/div>\n\t\t\t\t<\/div>\n\t\t<div class=\"elementor-element elementor-element-c13eabd e-con-full e-flex e-con e-child\" data-id=\"c13eabd\" data-element_type=\"container\">\n\t\t<div class=\"elementor-element elementor-element-23485c1 e-con-full e-flex e-con e-child\" data-id=\"23485c1\" data-element_type=\"container\">\n\t\t\t\t<div class=\"elementor-element elementor-element-6100a30 elementor-widget elementor-widget-heading\" data-id=\"6100a30\" data-element_type=\"widget\" data-widget_type=\"heading.default\">\n\t\t\t\t<div class=\"elementor-widget-container\">\n\t\t\t\t\t<h2 class=\"elementor-heading-title elementor-size-default\">COMPUESTO POR UN 45 % DE EXPERTOS EN INGENIER\u00cdA<\/h2>\t\t\t\t<\/div>\n\t\t\t\t<\/div>\n\t\t\t\t<div class=\"elementor-element elementor-element-06b9ba8 elementor-widget elementor-widget-text-editor\" data-id=\"06b9ba8\" data-element_type=\"widget\" data-widget_type=\"text-editor.default\">\n\t\t\t\t<div class=\"elementor-widget-container\">\n\t\t\t\t\t\t\t\t\t<p><span style=\"color: #0092fd;\">El 45 % de nuestro equipo est\u00e1 formado por personal t\u00e9cnico e ingenieros.<\/span>Impulsan el dise\u00f1o y la innovaci\u00f3n, ofreciendo de manera r\u00e1pida soluciones fiables y rentables a clientes de todo el mundo.<\/p>\t\t\t\t\t\t\t\t<\/div>\n\t\t\t\t<\/div>\n\t\t\t\t<\/div>\n\t\t\t\t<\/div>\n\t\t\t\t<\/div>\n\t\t<div class=\"elementor-element elementor-element-c82d6b8 e-con-full e-flex e-con e-parent\" data-id=\"c82d6b8\" data-element_type=\"container\" data-settings=\"{&quot;background_background&quot;:&quot;classic&quot;}\">\n\t\t<div class=\"elementor-element elementor-element-b3aee6e e-con-full e-flex e-con e-child\" data-id=\"b3aee6e\" data-element_type=\"container\">\n\t\t<div class=\"elementor-element elementor-element-ad286e2 e-con-full e-flex e-con e-child\" data-id=\"ad286e2\" data-element_type=\"container\">\n\t\t\t\t<div class=\"elementor-element elementor-element-49779aa elementor-widget elementor-widget-heading\" data-id=\"49779aa\" data-element_type=\"widget\" data-widget_type=\"heading.default\">\n\t\t\t\t<div class=\"elementor-widget-container\">\n\t\t\t\t\t<h2 class=\"elementor-heading-title elementor-size-default\">INTEGRACI\u00d3N DE LA CADENA INDUSTRIAL<\/h2>\t\t\t\t<\/div>\n\t\t\t\t<\/div>\n\t\t\t\t<div class=\"elementor-element elementor-element-7865c53 elementor-widget elementor-widget-text-editor\" data-id=\"7865c53\" data-element_type=\"widget\" data-widget_type=\"text-editor.default\">\n\t\t\t\t<div class=\"elementor-widget-container\">\n\t\t\t\t\t\t\t\t\t<p>Hemos logrado una <span style=\"color: #0092fd;\">colaboraci\u00f3n fluida en todo el ecosistema de la industria del alambre met\u00e1lico en China,<\/span>gracias a nuestra propia plataforma de I+D y servicios, a la cooperaci\u00f3n con empresas l\u00edderes como Rea Magnet Wire y AB-Dahrentrad, y a la investigaci\u00f3n acad\u00e9mica en colaboraci\u00f3n con la Universidad Jiaotong de Shangh\u00e1i.<\/p>\t\t\t\t\t\t\t\t<\/div>\n\t\t\t\t<\/div>\n\t\t\t\t<\/div>\n\t\t\t\t<\/div>\n\t\t<div class=\"elementor-element elementor-element-44b6e01 e-con-full e-flex e-con e-child\" data-id=\"44b6e01\" data-element_type=\"container\">\n\t\t\t\t<div class=\"elementor-element elementor-element-09cdd73 elementor-widget elementor-widget-image\" data-id=\"09cdd73\" data-element_type=\"widget\" data-widget_type=\"image.default\">\n\t\t\t\t<div class=\"elementor-widget-container\">\n\t\t\t\t\t\t\t\t\t\t\t\t\t\t\t<img decoding=\"async\" width=\"768\" height=\"512\" src=\"https:\/\/www.ahjuxin.net\/wp-content\/uploads\/2025\/05\/about_juxin_industry-\u62f7\u8d1d-768x512.jpg\" class=\"attachment-medium_large size-medium_large wp-image-3018\" alt=\"\" srcset=\"https:\/\/www.ahjuxin.net\/wp-content\/uploads\/2025\/05\/about_juxin_industry-\u62f7\u8d1d-768x512.jpg 768w, https:\/\/www.ahjuxin.net\/wp-content\/uploads\/2025\/05\/about_juxin_industry-\u62f7\u8d1d-300x200.jpg 300w, https:\/\/www.ahjuxin.net\/wp-content\/uploads\/2025\/05\/about_juxin_industry-\u62f7\u8d1d-1024x683.jpg 1024w, https:\/\/www.ahjuxin.net\/wp-content\/uploads\/2025\/05\/about_juxin_industry-\u62f7\u8d1d-1536x1025.jpg 1536w, https:\/\/www.ahjuxin.net\/wp-content\/uploads\/2025\/05\/about_juxin_industry-\u62f7\u8d1d-2048x1366.jpg 2048w, https:\/\/www.ahjuxin.net\/wp-content\/uploads\/2025\/05\/about_juxin_industry-\u62f7\u8d1d-18x12.jpg 18w\" sizes=\"(max-width: 768px) 100vw, 768px\" \/>\t\t\t\t\t\t\t\t\t\t\t\t\t\t\t<\/div>\n\t\t\t\t<\/div>\n\t\t\t\t<\/div>\n\t\t\t\t<\/div>\n\t\t<div class=\"elementor-element elementor-element-4b3795f e-con-full e-flex e-con e-parent\" data-id=\"4b3795f\" data-element_type=\"container\" data-settings=\"{&quot;background_background&quot;:&quot;classic&quot;}\">\n\t\t<div class=\"elementor-element elementor-element-8983b0a e-con-full e-flex e-con e-child\" data-id=\"8983b0a\" data-element_type=\"container\">\n\t\t\t\t<div class=\"elementor-element elementor-element-47b9e10 elementor-widget elementor-widget-image\" data-id=\"47b9e10\" data-element_type=\"widget\" data-widget_type=\"image.default\">\n\t\t\t\t<div class=\"elementor-widget-container\">\n\t\t\t\t\t\t\t\t\t\t\t\t\t\t\t<img loading=\"lazy\" decoding=\"async\" width=\"768\" height=\"512\" src=\"https:\/\/www.ahjuxin.net\/wp-content\/uploads\/2025\/05\/about_juxin_certification-\u62f7\u8d1d-768x512.jpg\" class=\"attachment-medium_large size-medium_large wp-image-3019\" alt=\"\" srcset=\"https:\/\/www.ahjuxin.net\/wp-content\/uploads\/2025\/05\/about_juxin_certification-\u62f7\u8d1d-768x512.jpg 768w, https:\/\/www.ahjuxin.net\/wp-content\/uploads\/2025\/05\/about_juxin_certification-\u62f7\u8d1d-300x200.jpg 300w, https:\/\/www.ahjuxin.net\/wp-content\/uploads\/2025\/05\/about_juxin_certification-\u62f7\u8d1d-1024x683.jpg 1024w, https:\/\/www.ahjuxin.net\/wp-content\/uploads\/2025\/05\/about_juxin_certification-\u62f7\u8d1d-1536x1025.jpg 1536w, https:\/\/www.ahjuxin.net\/wp-content\/uploads\/2025\/05\/about_juxin_certification-\u62f7\u8d1d-2048x1366.jpg 2048w, https:\/\/www.ahjuxin.net\/wp-content\/uploads\/2025\/05\/about_juxin_certification-\u62f7\u8d1d-18x12.jpg 18w\" sizes=\"(max-width: 768px) 100vw, 768px\" \/>\t\t\t\t\t\t\t\t\t\t\t\t\t\t\t<\/div>\n\t\t\t\t<\/div>\n\t\t\t\t<\/div>\n\t\t<div class=\"elementor-element elementor-element-4fb81f0 e-con-full e-flex e-con e-child\" data-id=\"4fb81f0\" data-element_type=\"container\">\n\t\t<div class=\"elementor-element elementor-element-f00d73f e-con-full e-flex e-con e-child\" data-id=\"f00d73f\" data-element_type=\"container\">\n\t\t\t\t<div class=\"elementor-element elementor-element-992a384 elementor-widget elementor-widget-heading\" data-id=\"992a384\" data-element_type=\"widget\" data-widget_type=\"heading.default\">\n\t\t\t\t<div class=\"elementor-widget-container\">\n\t\t\t\t\t<h2 class=\"elementor-heading-title elementor-size-default\">EXCELENCIA CERTIFICADA<\/h2>\t\t\t\t<\/div>\n\t\t\t\t<\/div>\n\t\t\t\t<div class=\"elementor-element elementor-element-2a8a388 elementor-widget elementor-widget-text-editor\" data-id=\"2a8a388\" data-element_type=\"widget\" data-widget_type=\"text-editor.default\">\n\t\t\t\t<div class=\"elementor-widget-container\">\n\t\t\t\t\t\t\t\t\t<p>Contamos con laboratorios reconocidos a nivel nacional para la investigaci\u00f3n de materiales superconductores y metales no ferrosos. Todos nuestros productos est\u00e1n certificados conforme a las normas <span style=\"color: #0092fd;\">ISO 9001, 14001 y 45001\uff0c<\/span> cumpliendo con los est\u00e1ndares internacionales de calidad, medio ambiente y seguridad.<\/p>\t\t\t\t\t\t\t\t<\/div>\n\t\t\t\t<\/div>\n\t\t\t\t<\/div>\n\t\t\t\t<\/div>\n\t\t\t\t<\/div>\n\t\t<div class=\"elementor-element elementor-element-a11c130 e-con-full e-flex e-con e-parent\" data-id=\"a11c130\" data-element_type=\"container\" data-settings=\"{&quot;background_background&quot;:&quot;classic&quot;}\">\n\t\t<div class=\"elementor-element elementor-element-122da49 e-con-full e-flex e-con e-child\" data-id=\"122da49\" data-element_type=\"container\">\n\t\t<div class=\"elementor-element elementor-element-d58fa2c e-con-full e-flex e-con e-child\" data-id=\"d58fa2c\" data-element_type=\"container\">\n\t\t\t\t<div class=\"elementor-element elementor-element-b00f6ce elementor-widget elementor-widget-heading\" data-id=\"b00f6ce\" data-element_type=\"widget\" data-widget_type=\"heading.default\">\n\t\t\t\t<div class=\"elementor-widget-container\">\n\t\t\t\t\t<h2 class=\"elementor-heading-title elementor-size-default\">CAMPE\u00d3N INDUSTRIAL RECONOCIDO POR EL MIIT<\/h2>\t\t\t\t<\/div>\n\t\t\t\t<\/div>\n\t\t\t\t<div class=\"elementor-element elementor-element-ca3a675 elementor-widget elementor-widget-text-editor\" data-id=\"ca3a675\" data-element_type=\"widget\" data-widget_type=\"text-editor.default\">\n\t\t\t\t<div class=\"elementor-widget-container\">\n\t\t\t\t\t\t\t\t\t<p><span style=\"color: #0092fd;\">Somos la primera empresa modelo reconocida como Single Champion en la industria china<\/span> de fabricaci\u00f3n de alambres electromagn\u00e9ticos, designada por el Ministerio de Industria y Tecnolog\u00eda de la Informaci\u00f3n (MIIT) de China.<\/p>\t\t\t\t\t\t\t\t<\/div>\n\t\t\t\t<\/div>\n\t\t\t\t<\/div>\n\t\t\t\t<\/div>\n\t\t<div class=\"elementor-element elementor-element-26684eb e-con-full e-flex e-con e-child\" data-id=\"26684eb\" data-element_type=\"container\">\n\t\t\t\t<div class=\"elementor-element elementor-element-d3f5047 elementor-widget elementor-widget-image\" data-id=\"d3f5047\" data-element_type=\"widget\" data-widget_type=\"image.default\">\n\t\t\t\t<div class=\"elementor-widget-container\">\n\t\t\t\t\t\t\t\t\t\t\t\t\t\t\t<img loading=\"lazy\" decoding=\"async\" width=\"768\" height=\"512\" src=\"https:\/\/www.ahjuxin.net\/wp-content\/uploads\/2025\/05\/about_juxin_factory-\u62f7\u8d1d-768x512.jpg\" class=\"attachment-medium_large size-medium_large wp-image-3020\" alt=\"\" srcset=\"https:\/\/www.ahjuxin.net\/wp-content\/uploads\/2025\/05\/about_juxin_factory-\u62f7\u8d1d-768x512.jpg 768w, https:\/\/www.ahjuxin.net\/wp-content\/uploads\/2025\/05\/about_juxin_factory-\u62f7\u8d1d-300x200.jpg 300w, https:\/\/www.ahjuxin.net\/wp-content\/uploads\/2025\/05\/about_juxin_factory-\u62f7\u8d1d-1024x683.jpg 1024w, https:\/\/www.ahjuxin.net\/wp-content\/uploads\/2025\/05\/about_juxin_factory-\u62f7\u8d1d-1536x1025.jpg 1536w, https:\/\/www.ahjuxin.net\/wp-content\/uploads\/2025\/05\/about_juxin_factory-\u62f7\u8d1d-2048x1366.jpg 2048w, https:\/\/www.ahjuxin.net\/wp-content\/uploads\/2025\/05\/about_juxin_factory-\u62f7\u8d1d-18x12.jpg 18w\" sizes=\"(max-width: 768px) 100vw, 768px\" \/>\t\t\t\t\t\t\t\t\t\t\t\t\t\t\t<\/div>\n\t\t\t\t<\/div>\n\t\t\t\t<\/div>\n\t\t\t\t<\/div>\n\t\t<div class=\"elementor-element elementor-element-54329a3 e-flex e-con-boxed e-con e-parent\" data-id=\"54329a3\" data-element_type=\"container\">\n\t\t\t\t\t<div class=\"e-con-inner\">\n\t\t\t\t<div class=\"elementor-element elementor-element-d73e1b3 elementor-widget elementor-widget-heading\" data-id=\"d73e1b3\" data-element_type=\"widget\" data-widget_type=\"heading.default\">\n\t\t\t\t<div class=\"elementor-widget-container\">\n\t\t\t\t\t<h2 class=\"elementor-heading-title elementor-size-default\">ALCANZA GLOBAL<\/h2>\t\t\t\t<\/div>\n\t\t\t\t<\/div>\n\t\t\t\t<div class=\"elementor-element elementor-element-6dfc291 elementor-widget elementor-widget-text-editor\" data-id=\"6dfc291\" data-element_type=\"widget\" data-widget_type=\"text-editor.default\">\n\t\t\t\t<div class=\"elementor-widget-container\">\n\t\t\t\t\t\t\t\t\t<p style=\"text-align: center;\">M\u00e1s que <span style=\"color: #0092fd;\">63 clientes con una profunda asociaci\u00f3n<\/span> \u00a1Alrededor del mundo!<\/p>\t\t\t\t\t\t\t\t<\/div>\n\t\t\t\t<\/div>\n\t\t\t\t<div class=\"elementor-element elementor-element-3d280a5 elementor-widget elementor-widget-button\" data-id=\"3d280a5\" data-element_type=\"widget\" data-widget_type=\"button.default\">\n\t\t\t\t<div class=\"elementor-widget-container\">\n\t\t\t\t\t\t\t\t\t<div class=\"elementor-button-wrapper\">\n\t\t\t\t\t<a class=\"elementor-button elementor-button-link elementor-size-sm\" href=\"\/contact\/\">\n\t\t\t\t\t\t<span class=\"elementor-button-content-wrapper\">\n\t\t\t\t\t\t\t\t\t<span class=\"elementor-button-text\">Ponte en contacto con nosotros<\/span>\n\t\t\t\t\t<\/span>\n\t\t\t\t\t<\/a>\n\t\t\t\t<\/div>\n\t\t\t\t\t\t\t\t<\/div>\n\t\t\t\t<\/div>\n\t\t\t\t\t<\/div>\n\t\t\t\t<\/div>\n\t\t<div class=\"elementor-element elementor-element-83b0848 e-flex e-con-boxed e-con e-parent\" data-id=\"83b0848\" data-element_type=\"container\" data-settings=\"{&quot;background_background&quot;:&quot;classic&quot;}\">\n\t\t\t\t\t<div class=\"e-con-inner\">\n\t\t<div class=\"elementor-element elementor-element-0fa0531 e-con-full e-flex e-con e-child\" data-id=\"0fa0531\" data-element_type=\"container\">\n\t\t\t\t<div class=\"elementor-element elementor-element-c269bc5 elementor-widget elementor-widget-image\" data-id=\"c269bc5\" data-element_type=\"widget\" data-widget_type=\"image.default\">\n\t\t\t\t<div class=\"elementor-widget-container\">\n\t\t\t\t\t\t\t\t\t\t\t\t\t\t\t<img decoding=\"async\" src=\"https:\/\/www.ahjuxin.net\/wp-content\/uploads\/elementor\/thumbs\/jingda-Wire_Dies-partnerships-logo-005-r5qbctlb0j82wenirbnllk9x4eulokxfznmcoed79c.png\" title=\"jingda-Wire_Dies-partnerships-logo-005\" alt=\"jingda-Wire_Dies-partnerships-logo-005\" loading=\"lazy\" \/>\t\t\t\t\t\t\t\t\t\t\t\t\t\t\t<\/div>\n\t\t\t\t<\/div>\n\t\t\t\t<\/div>\n\t\t<div class=\"elementor-element elementor-element-d96133f e-con-full e-flex e-con e-child\" data-id=\"d96133f\" data-element_type=\"container\">\n\t\t\t\t<div class=\"elementor-element elementor-element-0df73ab elementor-widget elementor-widget-image\" data-id=\"0df73ab\" data-element_type=\"widget\" data-widget_type=\"image.default\">\n\t\t\t\t<div class=\"elementor-widget-container\">\n\t\t\t\t\t\t\t\t\t\t\t\t\t\t\t<img decoding=\"async\" src=\"https:\/\/www.ahjuxin.net\/wp-content\/uploads\/elementor\/thumbs\/Mask-group-r5qbcuj57d9d80m5lu28621dpspywa16bs9u5obt34.png\" title=\"Mask group\" alt=\"Mask group\" loading=\"lazy\" \/>\t\t\t\t\t\t\t\t\t\t\t\t\t\t\t<\/div>\n\t\t\t\t<\/div>\n\t\t\t\t<\/div>\n\t\t<div class=\"elementor-element elementor-element-e5f824a e-con-full e-flex e-con e-child\" data-id=\"e5f824a\" data-element_type=\"container\">\n\t\t\t\t<div class=\"elementor-element elementor-element-5e513ee elementor-widget elementor-widget-image\" data-id=\"5e513ee\" data-element_type=\"widget\" data-widget_type=\"image.default\">\n\t\t\t\t<div class=\"elementor-widget-container\">\n\t\t\t\t\t\t\t\t\t\t\t\t\t\t\t<img decoding=\"async\" src=\"https:\/\/www.ahjuxin.net\/wp-content\/uploads\/elementor\/thumbs\/jingda-Wire_Dies-partnerships-logo-004-r5qbctlb0j82wenirbnllk9x4eulokxfznmcoed79c.png\" title=\"jingda-Wire_Dies-partnerships-logo-004\" alt=\"jingda-Wire_Dies-partnerships-logo-004\" loading=\"lazy\" \/>\t\t\t\t\t\t\t\t\t\t\t\t\t\t\t<\/div>\n\t\t\t\t<\/div>\n\t\t\t\t<\/div>\n\t\t<div class=\"elementor-element elementor-element-ae07364 e-con-full e-flex e-con e-child\" data-id=\"ae07364\" data-element_type=\"container\">\n\t\t\t\t<div class=\"elementor-element elementor-element-3cbf7fc elementor-widget elementor-widget-image\" data-id=\"3cbf7fc\" data-element_type=\"widget\" data-widget_type=\"image.default\">\n\t\t\t\t<div class=\"elementor-widget-container\">\n\t\t\t\t\t\t\t\t\t\t\t\t\t\t\t<img decoding=\"async\" src=\"https:\/\/www.ahjuxin.net\/wp-content\/uploads\/elementor\/thumbs\/jingda-Wire_Dies-partnerships-logo-006-r5qbcuj57d9d80m5lu28621dpspywa16bs9u5obt34.png\" title=\"jingda-Wire_Dies-partnerships-logo-006\" alt=\"jingda-Wire_Dies-partnerships-logo-006\" loading=\"lazy\" \/>\t\t\t\t\t\t\t\t\t\t\t\t\t\t\t<\/div>\n\t\t\t\t<\/div>\n\t\t\t\t<\/div>\n\t\t<div class=\"elementor-element elementor-element-0adcc51 e-con-full e-flex e-con e-child\" data-id=\"0adcc51\" data-element_type=\"container\">\n\t\t\t\t<div class=\"elementor-element elementor-element-8211cfb elementor-widget elementor-widget-image\" data-id=\"8211cfb\" data-element_type=\"widget\" data-widget_type=\"image.default\">\n\t\t\t\t<div class=\"elementor-widget-container\">\n\t\t\t\t\t\t\t\t\t\t\t\t\t\t\t<img decoding=\"async\" src=\"https:\/\/www.ahjuxin.net\/wp-content\/uploads\/elementor\/thumbs\/jingda-Wire_Dies-partnerships-logo-002-r5qbctlb0j82wenirbnllk9x4eulokxfznmcoed79c.png\" title=\"jingda-Wire_Dies-partnerships-logo-002\" alt=\"jingda-Wire_Dies-partnerships-logo-002\" loading=\"lazy\" \/>\t\t\t\t\t\t\t\t\t\t\t\t\t\t\t<\/div>\n\t\t\t\t<\/div>\n\t\t\t\t<\/div>\n\t\t<div class=\"elementor-element elementor-element-db2635d e-con-full e-flex e-con e-child\" data-id=\"db2635d\" data-element_type=\"container\">\n\t\t\t\t<div class=\"elementor-element elementor-element-6c43946 elementor-widget elementor-widget-image\" data-id=\"6c43946\" data-element_type=\"widget\" data-widget_type=\"image.default\">\n\t\t\t\t<div class=\"elementor-widget-container\">\n\t\t\t\t\t\t\t\t\t\t\t\t\t\t\t<img decoding=\"async\" src=\"https:\/\/www.ahjuxin.net\/wp-content\/uploads\/elementor\/thumbs\/jingda-Wire_Dies-partnerships-logo-003-r5qbctlb0j82wenirbnllk9x4eulokxfznmcoed79c.png\" title=\"jingda-Wire_Dies-partnerships-logo-003\" alt=\"jingda-Wire_Dies-partnerships-logo-003\" loading=\"lazy\" \/>\t\t\t\t\t\t\t\t\t\t\t\t\t\t\t<\/div>\n\t\t\t\t<\/div>\n\t\t\t\t<\/div>\n\t\t<div class=\"elementor-element elementor-element-7cfc0d8 e-con-full e-flex e-con e-child\" data-id=\"7cfc0d8\" data-element_type=\"container\">\n\t\t\t\t<div class=\"elementor-element elementor-element-cb5a5b1 elementor-widget elementor-widget-image\" data-id=\"cb5a5b1\" data-element_type=\"widget\" data-widget_type=\"image.default\">\n\t\t\t\t<div class=\"elementor-widget-container\">\n\t\t\t\t\t\t\t\t\t\t\t\t\t\t\t<img decoding=\"async\" src=\"https:\/\/www.ahjuxin.net\/wp-content\/uploads\/elementor\/thumbs\/jingda-Wire_Dies-partnerships-logo-007-r5qbcuj57d9d80m5lu28621dpspywa16bs9u5obt34.png\" title=\"jingda-Wire_Dies-partnerships-logo-007\" alt=\"jingda-Wire_Dies-partnerships-logo-007\" loading=\"lazy\" \/>\t\t\t\t\t\t\t\t\t\t\t\t\t\t\t<\/div>\n\t\t\t\t<\/div>\n\t\t\t\t<\/div>\n\t\t<div class=\"elementor-element elementor-element-c886cee e-con-full e-flex e-con e-child\" data-id=\"c886cee\" data-element_type=\"container\">\n\t\t\t\t<div class=\"elementor-element elementor-element-30fa022 elementor-widget elementor-widget-image\" data-id=\"30fa022\" data-element_type=\"widget\" data-widget_type=\"image.default\">\n\t\t\t\t<div class=\"elementor-widget-container\">\n\t\t\t\t\t\t\t\t\t\t\t\t\t\t\t<img decoding=\"async\" src=\"https:\/\/www.ahjuxin.net\/wp-content\/uploads\/elementor\/thumbs\/jingda-Wire_Dies-partnerships-logo-008-r5qbcuj57d9d80m5lu28621dpspywa16bs9u5obt34.png\" title=\"jingda-Wire_Dies-partnerships-logo-008\" alt=\"jingda-Wire_Dies-partnerships-logo-008\" loading=\"lazy\" \/>\t\t\t\t\t\t\t\t\t\t\t\t\t\t\t<\/div>\n\t\t\t\t<\/div>\n\t\t\t\t<\/div>\n\t\t\t\t\t<\/div>\n\t\t\t\t<\/div>\n\t\t\t\t<\/div>","protected":false},"excerpt":{"rendered":"<p>30 Years of Expertise Powering growth to the wire and cable industry Anhui Juxin Intelligent Manufacturing Technology Co., Ltd. Is a technology-driven company that specializes in the wire and cable forming manufacturing. Composed of 45% engineering experts 45% of our team are technical staffs and engineers; We drive designs and innovation, quickly provide reliable, cost-effective [&hellip;]<\/p>","protected":false},"author":1,"featured_media":0,"parent":0,"menu_order":0,"comment_status":"closed","ping_status":"closed","template":"","meta":{"om_disable_all_campaigns":false,"_monsterinsights_skip_tracking":false,"_monsterinsights_sitenote_active":false,"_monsterinsights_sitenote_note":"","_monsterinsights_sitenote_category":0,"footnotes":""},"class_list":["post-2239","page","type-page","status-publish","hentry"],"blocksy_meta":[],"aioseo_notices":[],"_links":{"self":[{"href":"https:\/\/www.ahjuxin.net\/es\/wp-json\/wp\/v2\/pages\/2239","targetHints":{"allow":["GET"]}}],"collection":[{"href":"https:\/\/www.ahjuxin.net\/es\/wp-json\/wp\/v2\/pages"}],"about":[{"href":"https:\/\/www.ahjuxin.net\/es\/wp-json\/wp\/v2\/types\/page"}],"author":[{"embeddable":true,"href":"https:\/\/www.ahjuxin.net\/es\/wp-json\/wp\/v2\/users\/1"}],"replies":[{"embeddable":true,"href":"https:\/\/www.ahjuxin.net\/es\/wp-json\/wp\/v2\/comments?post=2239"}],"version-history":[{"count":97,"href":"https:\/\/www.ahjuxin.net\/es\/wp-json\/wp\/v2\/pages\/2239\/revisions"}],"predecessor-version":[{"id":3148,"href":"https:\/\/www.ahjuxin.net\/es\/wp-json\/wp\/v2\/pages\/2239\/revisions\/3148"}],"wp:attachment":[{"href":"https:\/\/www.ahjuxin.net\/es\/wp-json\/wp\/v2\/media?parent=2239"}],"curies":[{"name":"wp","href":"https:\/\/api.w.org\/{rel}","templated":true}]}}