{"id":1036,"date":"2024-02-10T13:43:00","date_gmt":"2024-02-10T13:43:00","guid":{"rendered":"https:\/\/startersites.io\/elementor\/smile-dent\/?page_id=1036"},"modified":"2025-06-24T15:48:42","modified_gmt":"2025-06-24T07:48:42","slug":"services","status":"publish","type":"page","link":"https:\/\/www.ahjuxin.net\/es\/services\/","title":{"rendered":"Services"},"content":{"rendered":"<div data-elementor-type=\"wp-page\" data-elementor-id=\"1036\" class=\"elementor elementor-1036\" data-elementor-post-type=\"page\">\n\t\t\t\t<div class=\"elementor-element elementor-element-7a1b5bb e-con-full e-flex e-con e-parent\" data-id=\"7a1b5bb\" data-element_type=\"container\" data-settings=\"{&quot;background_background&quot;:&quot;classic&quot;}\">\n\t\t<div class=\"elementor-element elementor-element-ce389c4 e-flex e-con-boxed e-con e-child\" data-id=\"ce389c4\" data-element_type=\"container\">\n\t\t\t\t\t<div class=\"e-con-inner\">\n\t\t\t\t<div class=\"elementor-element elementor-element-0a43517 elementor-widget elementor-widget-heading\" data-id=\"0a43517\" data-element_type=\"widget\" data-widget_type=\"heading.default\">\n\t\t\t\t<div class=\"elementor-widget-container\">\n\t\t\t\t\t<h1 class=\"elementor-heading-title elementor-size-default\">INGENIER\u00cdA Y CONSULTA <\/h1>\t\t\t\t<\/div>\n\t\t\t\t<\/div>\n\t\t\t\t<div class=\"elementor-element elementor-element-b81164f elementor-widget elementor-widget-text-editor\" data-id=\"b81164f\" data-element_type=\"widget\" data-widget_type=\"text-editor.default\">\n\t\t\t\t<div class=\"elementor-widget-container\">\n\t\t\t\t\t\t\t\t\t<p style=\"text-align: left;\">Ofrecemos servicios de I+D, ingenier\u00eda y consultor\u00eda para ayudarle a optimizar sus procesos de trefilado y cableado, desarrollar nuevos productos y resolver desaf\u00edos t\u00e9cnicos complejos.\u00a0<\/p>\t\t\t\t\t\t\t\t<\/div>\n\t\t\t\t<\/div>\n\t\t\t\t\t<\/div>\n\t\t\t\t<\/div>\n\t\t<div class=\"elementor-element elementor-element-714da78 e-flex e-con-boxed e-con e-child\" data-id=\"714da78\" data-element_type=\"container\">\n\t\t\t\t\t<div class=\"e-con-inner\">\n\t\t\t\t\t<\/div>\n\t\t\t\t<\/div>\n\t\t\t\t<\/div>\n\t\t<div class=\"elementor-element elementor-element-4c2521d e-flex e-con-boxed e-con e-parent\" data-id=\"4c2521d\" data-element_type=\"container\">\n\t\t\t\t\t<div class=\"e-con-inner\">\n\t\t<div class=\"elementor-element elementor-element-7c5b328 e-con-full e-flex e-con e-child\" data-id=\"7c5b328\" data-element_type=\"container\">\n\t\t\t\t<div class=\"elementor-element elementor-element-a72255a elementor-widget elementor-widget-heading\" data-id=\"a72255a\" data-element_type=\"widget\" data-widget_type=\"heading.default\">\n\t\t\t\t<div class=\"elementor-widget-container\">\n\t\t\t\t\t<h2 class=\"elementor-heading-title elementor-size-default\">INGENIER\u00cdA<\/h2>\t\t\t\t<\/div>\n\t\t\t\t<\/div>\n\t\t\t\t<div class=\"elementor-element elementor-element-3766cf1 elementor-widget elementor-widget-heading\" data-id=\"3766cf1\" data-element_type=\"widget\" data-widget_type=\"heading.default\">\n\t\t\t\t<div class=\"elementor-widget-container\">\n\t\t\t\t\t<h2 class=\"elementor-heading-title elementor-size-default\">Adopci\u00f3n de Nuevos Materiales<\/h2>\t\t\t\t<\/div>\n\t\t\t\t<\/div>\n\t\t\t\t<div class=\"elementor-element elementor-element-6bf53d3 elementor-widget elementor-widget-text-editor\" data-id=\"6bf53d3\" data-element_type=\"widget\" data-widget_type=\"text-editor.default\">\n\t\t\t\t<div class=\"elementor-widget-container\">\n\t\t\t\t\t\t\t\t\t<p style=\"text-align: left;\">Garantizando una transici\u00f3n fluida hacia aleaciones avanzadas.<\/p>\t\t\t\t\t\t\t\t<\/div>\n\t\t\t\t<\/div>\n\t\t\t\t<div class=\"elementor-element elementor-element-3864c1a elementor-widget elementor-widget-heading\" data-id=\"3864c1a\" data-element_type=\"widget\" data-widget_type=\"heading.default\">\n\t\t\t\t<div class=\"elementor-widget-container\">\n\t\t\t\t\t<h2 class=\"elementor-heading-title elementor-size-default\">Optimizaci\u00f3n de la Configuraci\u00f3n de M\u00e1quinas<\/h2>\t\t\t\t<\/div>\n\t\t\t\t<\/div>\n\t\t\t\t<div class=\"elementor-element elementor-element-a7118ae elementor-widget elementor-widget-text-editor\" data-id=\"a7118ae\" data-element_type=\"widget\" data-widget_type=\"text-editor.default\">\n\t\t\t\t<div class=\"elementor-widget-container\">\n\t\t\t\t\t\t\t\t\t<p style=\"text-align: left;\">Simplificando los procesos de ajuste y calibraci\u00f3n del equipo.<\/p>\t\t\t\t\t\t\t\t<\/div>\n\t\t\t\t<\/div>\n\t\t\t\t<div class=\"elementor-element elementor-element-7272b2f elementor-widget elementor-widget-heading\" data-id=\"7272b2f\" data-element_type=\"widget\" data-widget_type=\"heading.default\">\n\t\t\t\t<div class=\"elementor-widget-container\">\n\t\t\t\t\t<h2 class=\"elementor-heading-title elementor-size-default\">Dise\u00f1o de Troqueles Enfocado en la Durabilidad<\/h2>\t\t\t\t<\/div>\n\t\t\t\t<\/div>\n\t\t\t\t<div class=\"elementor-element elementor-element-dabfa29 elementor-widget elementor-widget-text-editor\" data-id=\"dabfa29\" data-element_type=\"widget\" data-widget_type=\"text-editor.default\">\n\t\t\t\t<div class=\"elementor-widget-container\">\n\t\t\t\t\t\t\t\t\t<p style=\"text-align: left;\">Implementando sistemas inteligentes para prolongar la vida \u00fatil del troquel.<\/p>\t\t\t\t\t\t\t\t<\/div>\n\t\t\t\t<\/div>\n\t\t\t\t<div class=\"elementor-element elementor-element-4863508 elementor-widget elementor-widget-heading\" data-id=\"4863508\" data-element_type=\"widget\" data-widget_type=\"heading.default\">\n\t\t\t\t<div class=\"elementor-widget-container\">\n\t\t\t\t\t<h2 class=\"elementor-heading-title elementor-size-default\">Equilibrio entre Velocidad y Calidad<\/h2>\t\t\t\t<\/div>\n\t\t\t\t<\/div>\n\t\t\t\t<div class=\"elementor-element elementor-element-2ad1f2c elementor-widget elementor-widget-text-editor\" data-id=\"2ad1f2c\" data-element_type=\"widget\" data-widget_type=\"text-editor.default\">\n\t\t\t\t<div class=\"elementor-widget-container\">\n\t\t\t\t\t\t\t\t\t<p style=\"text-align: left;\">Aumentando la velocidad de producci\u00f3n sin comprometer la calidad.<\/p>\t\t\t\t\t\t\t\t<\/div>\n\t\t\t\t<\/div>\n\t\t\t\t<\/div>\n\t\t<div class=\"elementor-element elementor-element-e33ca1e e-con-full e-flex e-con e-child\" data-id=\"e33ca1e\" data-element_type=\"container\">\n\t\t\t\t<div class=\"elementor-element elementor-element-7cadb22 elementor-widget elementor-widget-image\" data-id=\"7cadb22\" data-element_type=\"widget\" data-widget_type=\"image.default\">\n\t\t\t\t<div class=\"elementor-widget-container\">\n\t\t\t\t\t\t\t\t\t\t\t\t\t\t\t<img fetchpriority=\"high\" decoding=\"async\" width=\"768\" height=\"427\" src=\"https:\/\/www.ahjuxin.net\/wp-content\/uploads\/2025\/05\/service_engineering-\u62f7\u8d1d-768x427.jpg\" class=\"attachment-medium_large size-medium_large wp-image-3011\" alt=\"\" srcset=\"https:\/\/www.ahjuxin.net\/wp-content\/uploads\/2025\/05\/service_engineering-\u62f7\u8d1d-768x427.jpg 768w, https:\/\/www.ahjuxin.net\/wp-content\/uploads\/2025\/05\/service_engineering-\u62f7\u8d1d-300x167.jpg 300w, https:\/\/www.ahjuxin.net\/wp-content\/uploads\/2025\/05\/service_engineering-\u62f7\u8d1d-1024x569.jpg 1024w, https:\/\/www.ahjuxin.net\/wp-content\/uploads\/2025\/05\/service_engineering-\u62f7\u8d1d-1536x853.jpg 1536w, https:\/\/www.ahjuxin.net\/wp-content\/uploads\/2025\/05\/service_engineering-\u62f7\u8d1d-18x10.jpg 18w, https:\/\/www.ahjuxin.net\/wp-content\/uploads\/2025\/05\/service_engineering-\u62f7\u8d1d.jpg 1755w\" sizes=\"(max-width: 768px) 100vw, 768px\" \/>\t\t\t\t\t\t\t\t\t\t\t\t\t\t\t<\/div>\n\t\t\t\t<\/div>\n\t\t\t\t<div class=\"elementor-element elementor-element-71485ff elementor-widget elementor-widget-text-editor\" data-id=\"71485ff\" data-element_type=\"widget\" data-widget_type=\"text-editor.default\">\n\t\t\t\t<div class=\"elementor-widget-container\">\n\t\t\t\t\t\t\t\t\t<p style=\"text-align: center;\">Cont\u00e1ctenos hoy y descubra c\u00f3mo podemos ayudarle a optimizar su proceso de fabricaci\u00f3n.<\/p>\t\t\t\t\t\t\t\t<\/div>\n\t\t\t\t<\/div>\n\t\t\t\t<div class=\"elementor-element elementor-element-47570db elementor-widget elementor-widget-button\" data-id=\"47570db\" data-element_type=\"widget\" data-widget_type=\"button.default\">\n\t\t\t\t<div class=\"elementor-widget-container\">\n\t\t\t\t\t\t\t\t\t<div class=\"elementor-button-wrapper\">\n\t\t\t\t\t<a class=\"elementor-button elementor-button-link elementor-size-sm\" href=\"\/contact\/\">\n\t\t\t\t\t\t<span class=\"elementor-button-content-wrapper\">\n\t\t\t\t\t\t\t\t\t<span class=\"elementor-button-text\">Ponte en contacto con nosotros<\/span>\n\t\t\t\t\t<\/span>\n\t\t\t\t\t<\/a>\n\t\t\t\t<\/div>\n\t\t\t\t\t\t\t\t<\/div>\n\t\t\t\t<\/div>\n\t\t\t\t<\/div>\n\t\t\t\t\t<\/div>\n\t\t\t\t<\/div>\n\t\t<div class=\"elementor-element elementor-element-51a8ed8 e-flex e-con-boxed e-con e-parent\" data-id=\"51a8ed8\" data-element_type=\"container\" data-settings=\"{&quot;background_background&quot;:&quot;classic&quot;}\">\n\t\t\t\t\t<div class=\"e-con-inner\">\n\t\t<div class=\"elementor-element elementor-element-197709a e-con-full e-flex e-con e-child\" data-id=\"197709a\" data-element_type=\"container\">\n\t\t\t\t<div class=\"elementor-element elementor-element-00372d4 elementor-widget elementor-widget-heading\" data-id=\"00372d4\" data-element_type=\"widget\" data-widget_type=\"heading.default\">\n\t\t\t\t<div class=\"elementor-widget-container\">\n\t\t\t\t\t<h2 class=\"elementor-heading-title elementor-size-default\">CONSULTA<\/h2>\t\t\t\t<\/div>\n\t\t\t\t<\/div>\n\t\t\t\t<div class=\"elementor-element elementor-element-101884d elementor-widget elementor-widget-heading\" data-id=\"101884d\" data-element_type=\"widget\" data-widget_type=\"heading.default\">\n\t\t\t\t<div class=\"elementor-widget-container\">\n\t\t\t\t\t<h2 class=\"elementor-heading-title elementor-size-default\">Facing production bottlenecks or quality issues?<\/h2>\t\t\t\t<\/div>\n\t\t\t\t<\/div>\n\t\t\t\t<div class=\"elementor-element elementor-element-3e055b5 elementor-widget elementor-widget-text-editor\" data-id=\"3e055b5\" data-element_type=\"widget\" data-widget_type=\"text-editor.default\">\n\t\t\t\t<div class=\"elementor-widget-container\">\n\t\t\t\t\t\t\t\t\t<ul><li>Extensi\u00f3n de la vida \u00fatil del troqueles<\/li><li>Reducci\u00f3n de costos de herramientas<\/li><li>Aumento de la velocidad de producci\u00f3n<\/li><li>Gesti\u00f3n de inventario de troqueles<\/li><li>Correcci\u00f3n de la forma del cable<\/li><li>Prevenci\u00f3n de rotura de cables<\/li><li>Seguimiento del rendimiento de la troqueles<\/li><li>Mejora del dise\u00f1o de troqueles<\/li><li>An\u00e1lisis y optimizaci\u00f3n del flujo de trabajo<\/li><\/ul>\t\t\t\t\t\t\t\t<\/div>\n\t\t\t\t<\/div>\n\t\t\t\t<\/div>\n\t\t<div class=\"elementor-element elementor-element-3f0a3e8 e-con-full e-flex e-con e-child\" data-id=\"3f0a3e8\" data-element_type=\"container\">\n\t\t<div class=\"elementor-element elementor-element-b2805a6 e-con-full e-flex e-con e-child\" data-id=\"b2805a6\" data-element_type=\"container\" data-settings=\"{&quot;background_background&quot;:&quot;classic&quot;}\">\n\t\t\t\t<div class=\"elementor-element elementor-element-32aa9fc elementor-widget elementor-widget-heading\" data-id=\"32aa9fc\" data-element_type=\"widget\" data-widget_type=\"heading.default\">\n\t\t\t\t<div class=\"elementor-widget-container\">\n\t\t\t\t\t<h2 class=\"elementor-heading-title elementor-size-default\">\u00a1Comience con una evaluaci\u00f3n gratuita de sus instalaciones!<\/h2>\t\t\t\t<\/div>\n\t\t\t\t<\/div>\n\t\t\t\t<div class=\"elementor-element elementor-element-8ca6a0c elementor-widget elementor-widget-heading\" data-id=\"8ca6a0c\" data-element_type=\"widget\" data-widget_type=\"heading.default\">\n\t\t\t\t<div class=\"elementor-widget-container\">\n\t\t\t\t\t<h2 class=\"elementor-heading-title elementor-size-default\">1. Auditor\u00eda integral de procesos<\/h2>\t\t\t\t<\/div>\n\t\t\t\t<\/div>\n\t\t\t\t<div class=\"elementor-element elementor-element-47d6859 elementor-widget elementor-widget-image\" data-id=\"47d6859\" data-element_type=\"widget\" data-widget_type=\"image.default\">\n\t\t\t\t<div class=\"elementor-widget-container\">\n\t\t\t\t\t\t\t\t\t\t\t\t\t\t\t<img decoding=\"async\" width=\"25\" height=\"28\" src=\"https:\/\/www.ahjuxin.net\/wp-content\/uploads\/2025\/05\/Group-1000003453.png\" class=\"attachment-large size-large wp-image-2331\" alt=\"\" \/>\t\t\t\t\t\t\t\t\t\t\t\t\t\t\t<\/div>\n\t\t\t\t<\/div>\n\t\t\t\t<div class=\"elementor-element elementor-element-b48910c elementor-widget elementor-widget-heading\" data-id=\"b48910c\" data-element_type=\"widget\" data-widget_type=\"heading.default\">\n\t\t\t\t<div class=\"elementor-widget-container\">\n\t\t\t\t\t<h2 class=\"elementor-heading-title elementor-size-default\">2. Hoja de ruta de implementaci\u00f3n personalizada\u00a0<\/h2>\t\t\t\t<\/div>\n\t\t\t\t<\/div>\n\t\t\t\t<div class=\"elementor-element elementor-element-3eb06de elementor-widget elementor-widget-image\" data-id=\"3eb06de\" data-element_type=\"widget\" data-widget_type=\"image.default\">\n\t\t\t\t<div class=\"elementor-widget-container\">\n\t\t\t\t\t\t\t\t\t\t\t\t\t\t\t<img decoding=\"async\" width=\"25\" height=\"28\" src=\"https:\/\/www.ahjuxin.net\/wp-content\/uploads\/2025\/05\/Group-1000003453.png\" class=\"attachment-large size-large wp-image-2331\" alt=\"\" \/>\t\t\t\t\t\t\t\t\t\t\t\t\t\t\t<\/div>\n\t\t\t\t<\/div>\n\t\t\t\t<div class=\"elementor-element elementor-element-e183c4f elementor-widget elementor-widget-heading\" data-id=\"e183c4f\" data-element_type=\"widget\" data-widget_type=\"heading.default\">\n\t\t\t\t<div class=\"elementor-widget-container\">\n\t\t\t\t\t<h2 class=\"elementor-heading-title elementor-size-default\">3. Identificar los principales impulsores de costos<\/h2>\t\t\t\t<\/div>\n\t\t\t\t<\/div>\n\t\t\t\t<div class=\"elementor-element elementor-element-3b78372 elementor-widget elementor-widget-button\" data-id=\"3b78372\" data-element_type=\"widget\" data-widget_type=\"button.default\">\n\t\t\t\t<div class=\"elementor-widget-container\">\n\t\t\t\t\t\t\t\t\t<div class=\"elementor-button-wrapper\">\n\t\t\t\t\t<a class=\"elementor-button elementor-button-link elementor-size-sm\" href=\"\/contact\/\">\n\t\t\t\t\t\t<span class=\"elementor-button-content-wrapper\">\n\t\t\t\t\t\t\t\t\t<span class=\"elementor-button-text\">Empezar<\/span>\n\t\t\t\t\t<\/span>\n\t\t\t\t\t<\/a>\n\t\t\t\t<\/div>\n\t\t\t\t\t\t\t\t<\/div>\n\t\t\t\t<\/div>\n\t\t\t\t<\/div>\n\t\t\t\t<\/div>\n\t\t\t\t\t<\/div>\n\t\t\t\t<\/div>\n\t\t<div class=\"elementor-element elementor-element-22dd674 e-flex e-con-boxed e-con e-parent\" data-id=\"22dd674\" data-element_type=\"container\" data-settings=\"{&quot;background_background&quot;:&quot;classic&quot;}\">\n\t\t\t\t\t<div class=\"e-con-inner\">\n\t\t<div class=\"elementor-element elementor-element-863a64c e-con-full e-flex e-con e-child\" data-id=\"863a64c\" data-element_type=\"container\">\n\t\t\t\t<div class=\"elementor-element elementor-element-96dd806 elementor-widget elementor-widget-heading\" data-id=\"96dd806\" data-element_type=\"widget\" data-widget_type=\"heading.default\">\n\t\t\t\t<div class=\"elementor-widget-container\">\n\t\t\t\t\t<h2 class=\"elementor-heading-title elementor-size-default\">Nuestro Equipo<\/h2>\t\t\t\t<\/div>\n\t\t\t\t<\/div>\n\t\t\t\t<div class=\"elementor-element elementor-element-6723a80 elementor-widget elementor-widget-text-editor\" data-id=\"6723a80\" data-element_type=\"widget\" data-widget_type=\"text-editor.default\">\n\t\t\t\t<div class=\"elementor-widget-container\">\n\t\t\t\t\t\t\t\t\t<ul><li>Metal\u00fargicos con experiencia en materiales y recubrimientos para troqueles trefilados.<\/li><li>Ingenieros mec\u00e1nicos especializados en el dise\u00f1o y la optimizaci\u00f3n de maquinaria.<\/li><li>Ingenieros el\u00e9ctricos con dominio en sistemas de control y automatizaci\u00f3n.<\/li><li>Ingenieros de software expertos en el desarrollo de soluciones inform\u00e1ticas personalizadas.<\/li><\/ul>\t\t\t\t\t\t\t\t<\/div>\n\t\t\t\t<\/div>\n\t\t\t\t<\/div>\n\t\t<div class=\"elementor-element elementor-element-05eb152 e-con-full e-flex e-con e-child\" data-id=\"05eb152\" data-element_type=\"container\">\n\t\t\t\t<div class=\"elementor-element elementor-element-18fece1 elementor-widget elementor-widget-image\" data-id=\"18fece1\" data-element_type=\"widget\" data-widget_type=\"image.default\">\n\t\t\t\t<div class=\"elementor-widget-container\">\n\t\t\t\t\t\t\t\t\t\t\t\t\t\t\t<img decoding=\"async\" width=\"768\" height=\"427\" src=\"https:\/\/www.ahjuxin.net\/wp-content\/uploads\/2025\/05\/service_team-\u62f7\u8d1d-768x427.jpg\" class=\"attachment-medium_large size-medium_large wp-image-3012\" alt=\"\" srcset=\"https:\/\/www.ahjuxin.net\/wp-content\/uploads\/2025\/05\/service_team-\u62f7\u8d1d-768x427.jpg 768w, https:\/\/www.ahjuxin.net\/wp-content\/uploads\/2025\/05\/service_team-\u62f7\u8d1d-300x167.jpg 300w, https:\/\/www.ahjuxin.net\/wp-content\/uploads\/2025\/05\/service_team-\u62f7\u8d1d-1024x569.jpg 1024w, https:\/\/www.ahjuxin.net\/wp-content\/uploads\/2025\/05\/service_team-\u62f7\u8d1d-1536x853.jpg 1536w, https:\/\/www.ahjuxin.net\/wp-content\/uploads\/2025\/05\/service_team-\u62f7\u8d1d-18x10.jpg 18w, https:\/\/www.ahjuxin.net\/wp-content\/uploads\/2025\/05\/service_team-\u62f7\u8d1d.jpg 1755w\" sizes=\"(max-width: 768px) 100vw, 768px\" \/>\t\t\t\t\t\t\t\t\t\t\t\t\t\t\t<\/div>\n\t\t\t\t<\/div>\n\t\t\t\t<\/div>\n\t\t\t\t\t<\/div>\n\t\t\t\t<\/div>\n\t\t\t\t<\/div>","protected":false},"excerpt":{"rendered":"<p>Engineering and CONSULTING We provide\u00a0R&amp;D,engineering, and consulting services to help you optimize your\u00a0wire drawing\u00a0&amp; cabling processes, develop new products, and solve complex technical challenges.\u00a0 ENGINEERING New Material Adoption Ensure smooth transition to advanced alloys Machine Setup Optimization Simplify equipment debugging processes Longevity-Focused Die Design Intelligent systems to extend service life Speed &#038; Quality Balance Increase [&hellip;]<\/p>","protected":false},"author":1,"featured_media":0,"parent":0,"menu_order":0,"comment_status":"closed","ping_status":"closed","template":"","meta":{"om_disable_all_campaigns":false,"_monsterinsights_skip_tracking":false,"_monsterinsights_sitenote_active":false,"_monsterinsights_sitenote_note":"","_monsterinsights_sitenote_category":0,"footnotes":""},"class_list":["post-1036","page","type-page","status-publish","hentry"],"blocksy_meta":{"has_hero_section":"disabled","vertical_spacing_source":"custom","content_area_spacing":"none","styles_descriptor":{"styles":{"desktop":"","tablet":"","mobile":""},"google_fonts":[],"version":6}},"aioseo_notices":[],"_links":{"self":[{"href":"https:\/\/www.ahjuxin.net\/es\/wp-json\/wp\/v2\/pages\/1036","targetHints":{"allow":["GET"]}}],"collection":[{"href":"https:\/\/www.ahjuxin.net\/es\/wp-json\/wp\/v2\/pages"}],"about":[{"href":"https:\/\/www.ahjuxin.net\/es\/wp-json\/wp\/v2\/types\/page"}],"author":[{"embeddable":true,"href":"https:\/\/www.ahjuxin.net\/es\/wp-json\/wp\/v2\/users\/1"}],"replies":[{"embeddable":true,"href":"https:\/\/www.ahjuxin.net\/es\/wp-json\/wp\/v2\/comments?post=1036"}],"version-history":[{"count":54,"href":"https:\/\/www.ahjuxin.net\/es\/wp-json\/wp\/v2\/pages\/1036\/revisions"}],"predecessor-version":[{"id":3145,"href":"https:\/\/www.ahjuxin.net\/es\/wp-json\/wp\/v2\/pages\/1036\/revisions\/3145"}],"wp:attachment":[{"href":"https:\/\/www.ahjuxin.net\/es\/wp-json\/wp\/v2\/media?parent=1036"}],"curies":[{"name":"wp","href":"https:\/\/api.w.org\/{rel}","templated":true}]}}